{"id":27,"date":"2017-02-01T19:03:43","date_gmt":"2017-02-01T17:03:43","guid":{"rendered":"http:\/\/www.suffen.fi\/?page_id=27\/"},"modified":"2023-03-20T15:35:10","modified_gmt":"2023-03-20T13:35:10","slug":"miten-jaseneksi","status":"publish","type":"page","link":"https:\/\/www.suffen.fi\/fi\/miten-jaseneksi\/","title":{"rendered":"Miten j\u00e4seneksi?"},"content":{"rendered":"<p>J\u00e4senmaksu on 5\u20ac \/ j\u00e4sen tai 15 \u20ac\/perhe<\/p>\n<p>Maksetaan SNS r.y:n tilille;<\/p>\n<p>IBAN: FI69 6601 0001 1459 37<\/p>\n<p>BIC: AABAFI22<\/p>\n<p>Viitenumero: 00110<\/p>\n<h3>Virallinen nimi ja Y-tunnus:<\/h3>\n<p>Skr\u00e4bb\u00f6len Nuorisoseura ry<\/p>\n<p>Y-tunnus: 2249174-4<\/p>\n<p>Mainitse maksaessa j\u00e4senten syntym\u00e4vuodet.<\/p>\n","protected":false},"excerpt":{"rendered":"<p>J\u00e4senmaksu on 5\u20ac \/ j\u00e4sen tai 15 \u20ac\/perhe Maksetaan SNS r.y:n tilille; IBAN: FI69 6601 0001 1459 37 BIC: AABAFI22 Viitenumero: 00110 Virallinen nimi ja Y-tunnus: Skr\u00e4bb\u00f6len Nuorisoseura ry Y-tunnus: 2249174-4 Mainitse maksaessa j\u00e4senten syntym\u00e4vuodet.<\/p>\n","protected":false},"author":1,"featured_media":0,"parent":0,"menu_order":0,"comment_status":"closed","ping_status":"closed","template":"","meta":{"_genesis_hide_title":false,"_genesis_hide_breadcrumbs":false,"_genesis_hide_singular_image":false,"_genesis_hide_footer_widgets":false,"_genesis_custom_body_class":"","_genesis_custom_post_class":"","_genesis_layout":"","footnotes":""},"class_list":{"0":"post-27","1":"page","2":"type-page","3":"status-publish","5":"entry"},"yoast_head":"<!-- This site is optimized with the Yoast SEO plugin v27.5 - https:\/\/yoast.com\/product\/yoast-seo-wordpress\/ -->\n<title>Miten j\u00e4seneksi? - Suffen<\/title>\n<meta name=\"robots\" content=\"index, follow, max-snippet:-1, max-image-preview:large, max-video-preview:-1\" \/>\n<link rel=\"canonical\" href=\"https:\/\/www.suffen.fi\/fi\/miten-jaseneksi\/\" \/>\n<meta property=\"og:locale\" content=\"fi_FI\" \/>\n<meta property=\"og:type\" content=\"article\" \/>\n<meta property=\"og:title\" content=\"Miten j\u00e4seneksi? - Suffen\" \/>\n<meta property=\"og:description\" content=\"J\u00e4senmaksu on 5\u20ac \/ j\u00e4sen tai 15 \u20ac\/perhe Maksetaan SNS r.y:n tilille; IBAN: FI69 6601 0001 1459 37 BIC: AABAFI22 Viitenumero: 00110 Virallinen nimi ja Y-tunnus: Skr\u00e4bb\u00f6len Nuorisoseura ry Y-tunnus: 2249174-4 Mainitse maksaessa j\u00e4senten syntym\u00e4vuodet.\" \/>\n<meta property=\"og:url\" content=\"https:\/\/www.suffen.fi\/fi\/miten-jaseneksi\/\" \/>\n<meta property=\"og:site_name\" content=\"Suffen\" \/>\n<meta property=\"article:modified_time\" content=\"2023-03-20T13:35:10+00:00\" \/>\n<meta name=\"twitter:card\" content=\"summary_large_image\" \/>\n<meta name=\"twitter:label1\" content=\"Arvioitu lukuaika\" \/>\n\t<meta name=\"twitter:data1\" content=\"1 minute\" \/>\n<script type=\"application\/ld+json\" class=\"yoast-schema-graph\">{\"@context\":\"https:\\\/\\\/schema.org\",\"@graph\":[{\"@type\":\"WebPage\",\"@id\":\"https:\\\/\\\/www.suffen.fi\\\/fi\\\/miten-jaseneksi\\\/\",\"url\":\"https:\\\/\\\/www.suffen.fi\\\/fi\\\/miten-jaseneksi\\\/\",\"name\":\"Miten j\u00e4seneksi? - Suffen\",\"isPartOf\":{\"@id\":\"https:\\\/\\\/www.suffen.fi\\\/fi\\\/#website\"},\"datePublished\":\"2017-02-01T17:03:43+00:00\",\"dateModified\":\"2023-03-20T13:35:10+00:00\",\"breadcrumb\":{\"@id\":\"https:\\\/\\\/www.suffen.fi\\\/fi\\\/miten-jaseneksi\\\/#breadcrumb\"},\"inLanguage\":\"fi\",\"potentialAction\":[{\"@type\":\"ReadAction\",\"target\":[\"https:\\\/\\\/www.suffen.fi\\\/fi\\\/miten-jaseneksi\\\/\"]}]},{\"@type\":\"BreadcrumbList\",\"@id\":\"https:\\\/\\\/www.suffen.fi\\\/fi\\\/miten-jaseneksi\\\/#breadcrumb\",\"itemListElement\":[{\"@type\":\"ListItem\",\"position\":1,\"name\":\"Hem\",\"item\":\"https:\\\/\\\/www.suffen.fi\\\/fi\\\/\"},{\"@type\":\"ListItem\",\"position\":2,\"name\":\"Miten j\u00e4seneksi?\"}]},{\"@type\":\"WebSite\",\"@id\":\"https:\\\/\\\/www.suffen.fi\\\/fi\\\/#website\",\"url\":\"https:\\\/\\\/www.suffen.fi\\\/fi\\\/\",\"name\":\"Suffen\",\"description\":\"Skr&auml;bb&ouml;le Ungdomsf&ouml;rening rf\",\"potentialAction\":[{\"@type\":\"SearchAction\",\"target\":{\"@type\":\"EntryPoint\",\"urlTemplate\":\"https:\\\/\\\/www.suffen.fi\\\/fi\\\/?s={search_term_string}\"},\"query-input\":{\"@type\":\"PropertyValueSpecification\",\"valueRequired\":true,\"valueName\":\"search_term_string\"}}],\"inLanguage\":\"fi\"}]}<\/script>\n<!-- \/ Yoast SEO plugin. -->","yoast_head_json":{"title":"Miten j\u00e4seneksi? - Suffen","robots":{"index":"index","follow":"follow","max-snippet":"max-snippet:-1","max-image-preview":"max-image-preview:large","max-video-preview":"max-video-preview:-1"},"canonical":"https:\/\/www.suffen.fi\/fi\/miten-jaseneksi\/","og_locale":"fi_FI","og_type":"article","og_title":"Miten j\u00e4seneksi? - Suffen","og_description":"J\u00e4senmaksu on 5\u20ac \/ j\u00e4sen tai 15 \u20ac\/perhe Maksetaan SNS r.y:n tilille; IBAN: FI69 6601 0001 1459 37 BIC: AABAFI22 Viitenumero: 00110 Virallinen nimi ja Y-tunnus: Skr\u00e4bb\u00f6len Nuorisoseura ry Y-tunnus: 2249174-4 Mainitse maksaessa j\u00e4senten syntym\u00e4vuodet.","og_url":"https:\/\/www.suffen.fi\/fi\/miten-jaseneksi\/","og_site_name":"Suffen","article_modified_time":"2023-03-20T13:35:10+00:00","twitter_card":"summary_large_image","twitter_misc":{"Arvioitu lukuaika":"1 minute"},"schema":{"@context":"https:\/\/schema.org","@graph":[{"@type":"WebPage","@id":"https:\/\/www.suffen.fi\/fi\/miten-jaseneksi\/","url":"https:\/\/www.suffen.fi\/fi\/miten-jaseneksi\/","name":"Miten j\u00e4seneksi? - Suffen","isPartOf":{"@id":"https:\/\/www.suffen.fi\/fi\/#website"},"datePublished":"2017-02-01T17:03:43+00:00","dateModified":"2023-03-20T13:35:10+00:00","breadcrumb":{"@id":"https:\/\/www.suffen.fi\/fi\/miten-jaseneksi\/#breadcrumb"},"inLanguage":"fi","potentialAction":[{"@type":"ReadAction","target":["https:\/\/www.suffen.fi\/fi\/miten-jaseneksi\/"]}]},{"@type":"BreadcrumbList","@id":"https:\/\/www.suffen.fi\/fi\/miten-jaseneksi\/#breadcrumb","itemListElement":[{"@type":"ListItem","position":1,"name":"Hem","item":"https:\/\/www.suffen.fi\/fi\/"},{"@type":"ListItem","position":2,"name":"Miten j\u00e4seneksi?"}]},{"@type":"WebSite","@id":"https:\/\/www.suffen.fi\/fi\/#website","url":"https:\/\/www.suffen.fi\/fi\/","name":"Suffen","description":"Skr&auml;bb&ouml;le Ungdomsf&ouml;rening rf","potentialAction":[{"@type":"SearchAction","target":{"@type":"EntryPoint","urlTemplate":"https:\/\/www.suffen.fi\/fi\/?s={search_term_string}"},"query-input":{"@type":"PropertyValueSpecification","valueRequired":true,"valueName":"search_term_string"}}],"inLanguage":"fi"}]}},"_links":{"self":[{"href":"https:\/\/www.suffen.fi\/fi\/wp-json\/wp\/v2\/pages\/27","targetHints":{"allow":["GET"]}}],"collection":[{"href":"https:\/\/www.suffen.fi\/fi\/wp-json\/wp\/v2\/pages"}],"about":[{"href":"https:\/\/www.suffen.fi\/fi\/wp-json\/wp\/v2\/types\/page"}],"author":[{"embeddable":true,"href":"https:\/\/www.suffen.fi\/fi\/wp-json\/wp\/v2\/users\/1"}],"replies":[{"embeddable":true,"href":"https:\/\/www.suffen.fi\/fi\/wp-json\/wp\/v2\/comments?post=27"}],"version-history":[{"count":1,"href":"https:\/\/www.suffen.fi\/fi\/wp-json\/wp\/v2\/pages\/27\/revisions"}],"predecessor-version":[{"id":406,"href":"https:\/\/www.suffen.fi\/fi\/wp-json\/wp\/v2\/pages\/27\/revisions\/406"}],"wp:attachment":[{"href":"https:\/\/www.suffen.fi\/fi\/wp-json\/wp\/v2\/media?parent=27"}],"curies":[{"name":"wp","href":"https:\/\/api.w.org\/{rel}","templated":true}]}}